{"id":35,"date":"2025-04-08T13:14:54","date_gmt":"2025-04-08T13:14:54","guid":{"rendered":"https:\/\/dostepnewybory.pl\/?page_id=35"},"modified":"2025-04-10T11:19:11","modified_gmt":"2025-04-10T11:19:11","slug":"kontakt","status":"publish","type":"page","link":"https:\/\/dostepnewybory.pl\/index.php\/kontakt\/","title":{"rendered":"Kontakt"},"content":{"rendered":"<p><strong>Adres e-mail kampanii:<\/strong><\/p>\n<p>Katarzyna Ja\u015blar, Akcja Demokracja<\/p>\n<p><a href=\"mailto:katarzyna.jaslar@akcjademokracja.pl\">katarzyna.jaslar@akcjademokracja.pl<\/a><\/p>\n<p>Tel. 600 955 407<\/p>\n<p>Anna Duniewicz, koordynatorka Inicjatywy &#8220;Nasz Rzecznik&#8221;<\/p>\n<p><a href=\"mailto:anna.duniewicz@naszrzecznik.pl\">anna.duniewicz@naszrzecznik.pl<\/a><\/p>\n<p>Tel. 505 905 928<\/p>\n<p><\/p>\n<p>Zapraszamy komitety wyborcze wszystkich kandydat\u00f3w i kandydatek do przesy\u0142ania nam termin\u00f3w organizowanych spotka\u0144 z wyborcami i wyborczyniami oraz informacji o ich dost\u0119pno\u015bci.<\/p>\n<p>Ch\u0119tnie um\u00f3wimy si\u0119 na spotkanie, by wesprze\u0107 popraw\u0119 dost\u0119pno\u015bci stron internetowych i organizowanych spotka\u0144.<\/p>\n","protected":false},"excerpt":{"rendered":"<p>Adres e-mail kampanii: Katarzyna Ja\u015blar, Akcja Demokracja katarzyna.jaslar@akcjademokracja.pl Tel. 600 955 407 Anna Duniewicz, koordynatorka Inicjatywy &#8220;Nasz Rzecznik&#8221; anna.duniewicz@naszrzecznik.pl Tel. 505 905 928 Zapraszamy komitety wyborcze wszystkich kandydat\u00f3w i kandydatek do przesy\u0142ania nam termin\u00f3w organizowanych spotka\u0144 z wyborcami i wyborczyniami oraz informacji o ich dost\u0119pno\u015bci. Ch\u0119tnie um\u00f3wimy si\u0119 na spotkanie, by wesprze\u0107 popraw\u0119 dost\u0119pno\u015bci stron [&hellip;]<\/p>\n","protected":false},"author":1,"featured_media":0,"parent":0,"menu_order":0,"comment_status":"closed","ping_status":"closed","template":"","meta":{"footnotes":""},"class_list":["post-35","page","type-page","status-publish","hentry"],"_links":{"self":[{"href":"https:\/\/dostepnewybory.pl\/index.php\/wp-json\/wp\/v2\/pages\/35","targetHints":{"allow":["GET"]}}],"collection":[{"href":"https:\/\/dostepnewybory.pl\/index.php\/wp-json\/wp\/v2\/pages"}],"about":[{"href":"https:\/\/dostepnewybory.pl\/index.php\/wp-json\/wp\/v2\/types\/page"}],"author":[{"embeddable":true,"href":"https:\/\/dostepnewybory.pl\/index.php\/wp-json\/wp\/v2\/users\/1"}],"replies":[{"embeddable":true,"href":"https:\/\/dostepnewybory.pl\/index.php\/wp-json\/wp\/v2\/comments?post=35"}],"version-history":[{"count":7,"href":"https:\/\/dostepnewybory.pl\/index.php\/wp-json\/wp\/v2\/pages\/35\/revisions"}],"predecessor-version":[{"id":232,"href":"https:\/\/dostepnewybory.pl\/index.php\/wp-json\/wp\/v2\/pages\/35\/revisions\/232"}],"wp:attachment":[{"href":"https:\/\/dostepnewybory.pl\/index.php\/wp-json\/wp\/v2\/media?parent=35"}],"curies":[{"name":"wp","href":"https:\/\/api.w.org\/{rel}","templated":true}]}}