{"id":33,"date":"2025-04-08T13:14:32","date_gmt":"2025-04-08T13:14:32","guid":{"rendered":"https:\/\/dostepnewybory.pl\/?page_id=33"},"modified":"2025-04-16T08:50:34","modified_gmt":"2025-04-16T08:50:34","slug":"o-akcji","status":"publish","type":"page","link":"https:\/\/dostepnewybory.pl\/index.php\/o-akcji\/","title":{"rendered":"O akcji"},"content":{"rendered":"<article lang=\"pl\"><header>\n<h3>Akcja \u201eWybory dost\u0119pne dla wszystkich\u201d<\/h3>\n<p><strong>Obywatelski monitoring dost\u0119pno\u015bci kampanii wyborczej dla os\u00f3b z niepe\u0142nosprawno\u015bciami.<\/strong><\/p>\n<\/header>\n<section aria-labelledby=\"sytuacja\">\n<h3 id=\"sytuacja\">Dlaczego to wa\u017cne?<\/h3>\n<p>W Polsce \u017cyje oko\u0142o <strong>pi\u0119ciu milion\u00f3w wyborc\u00f3w i wyborczy\u0144<\/strong> z r\u00f3\u017cnymi rodzajami niepe\u0142nosprawno\u015bci. Ich podstawowe prawa obywatelskie wci\u0105\u017c nie s\u0105 w pe\u0142ni przestrzegane.<\/p>\n<p>Brakuje <strong>\u0142atwych do wyszukania i zrozumia\u0142ych informacji o programach wyborczych<\/strong>, dost\u0119pnych stron internetowych oraz <strong>dost\u0119pnych spotka\u0144 z kandydatami i kandydatkami<\/strong>. R\u00f3wnie\u017c <strong>lokale wyborcze nie s\u0105 w pe\u0142ni dost\u0119pne<\/strong>.<\/p>\n<\/section>\n<section aria-labelledby=\"cel-akcji\">\n<h3 id=\"cel-akcji\">Cel akcji<\/h3>\n<p>Dotychczas osoby z niepe\u0142nosprawno\u015bciami nie by\u0142y postrzegane jako <strong>pe\u0142noprawni wyborcy i wyborczynie<\/strong>. Kandydaci i kandydatki cz\u0119sto ich pomijali. <strong>Chcemy to zmieni\u0107!<\/strong><\/p>\n<p>W trwaj\u0105cej kampanii prezydenckiej <strong>organizacje spo\u0142eczne<\/strong> dzia\u0142aj\u0105ce na rzecz praw cz\u0142owieka i zasad pa\u0144stwa prawa, wsp\u00f3lnie z <strong>Biurem Rzecznika Praw Obywatelskich<\/strong>, upominaj\u0105 si\u0119 o <strong>pe\u0142n\u0105 dost\u0119pno\u015b\u0107 procesu wyborczego<\/strong>.<\/p>\n<p>Inicjatywa \u201eNasz Rzecznik\u201d, Akcja Demokracja, Fundacja Wielog\u0142osu, Fundacja Blind&amp;Proud, Fundacja Odpowiedzialna Polityka, Fundacja Avalon, Stowarzyszenie \u201ePro Civium\u201d oraz inne organizacje partnerskie anga\u017cuj\u0105 si\u0119 i zach\u0119caj\u0105 do obywatelskiego monitoringu spotka\u0144, materia\u0142\u00f3w i lokali wyborczych.<\/p>\n<\/section>\n<section aria-labelledby=\"wez-udzial\">\n<h3 id=\"wez-udzial\">Do\u0142\u0105cz do nas!<\/h3>\n<p>Do akcji \u201eWybory dost\u0119pne dla wszystkich\u201d mo\u017ce przy\u0142\u0105czy\u0107 si\u0119 ka\u017cda osoba, dla kt\u00f3rej <strong>dost\u0119pne wybory<\/strong> to wa\u017cna sprawa. <strong>Nie ma demokratycznych wybor\u00f3w bez os\u00f3b z niepe\u0142nosprawno\u015bciami<\/strong>.<\/p>\n<p>Prawo do g\u0142osowania jest <strong>gwarantowane w Konstytucji<\/strong>, a prezydent powinien reprezentowa\u0107 <strong>wszystkie Polki i Polak\u00f3w<\/strong>.<\/p>\n<\/section>\n<section aria-labelledby=\"materialy\">\n<h3 id=\"materialy\">Materia\u0142y i narz\u0119dzia<\/h3>\n<p>Na stronie <a href=\"https:\/\/dostepnewybory.pl\" target=\"_blank\" rel=\"noopener noreferrer\">DostepneWybory.pl<\/a> oraz w zak\u0142adce <strong><a href=\"https:\/\/bip.brpo.gov.pl\/pl\/tagi\/dostepne-wybory\" target=\"_blank\" rel=\"noopener noreferrer\">dostepne-wybory.pl<\/a><\/strong> na portalu Rzecznika Praw Obywatelskich zamieszczono:<\/p>\n<ul>\n<li><a href=\"https:\/\/bip.brpo.gov.pl\/wspolne_dzialania\/content\/spotkania-wyborcze-dostosowane-do-potrzeb-osob-z-niepelnosprawnosciami\" target=\"_blank\" rel=\"noopener\">Ankiet\u0119<\/a> oceny dost\u0119pno\u015bci spotka\u0144 z kandydatkami i kandydatami <a href=\"http:\/\/dostepnewybory.pl\/wp-content\/uploads\/2025\/04\/Arkusz_do_oceny_spotkania_wyborczego.mp4\" target=\"_blank\" rel=\"noopener\"><br \/><img decoding=\"async\" style=\"width: 40px; height: auto;\" src=\"http:\/\/dostepnewybory.pl\/wp-content\/uploads\/2025\/04\/GGlusi.png\" alt=\"Ikona odsy\u0142aj\u0105ca do filmu z instrukcj\u0105 oceny spotkania\" \/><br \/><\/a><\/li>\n<li><a href=\"http:\/\/dostepnewybory.pl\/wp-content\/uploads\/2025\/04\/Minimalne-wytyczne-dla-spotkan-wyborczych.Rada-OzN-przy-RPO.pdf\" target=\"_blank\" rel=\"noopener noreferrer\">Minimalne wytyczne dla spotka\u0144 wyborczych opracowane przez Rad\u0119 Os\u00f3b z Niepe\u0142nosprawno\u015bciami przy RPO<\/a> <a href=\"http:\/\/dostepnewybory.pl\/wp-content\/uploads\/2025\/04\/Minimalne-wytyczne-dla-spotkan-wyborczych-kandydatow-na-prezydenta-RP.mp4\" target=\"_blank\" rel=\"noopener\"><br \/><img decoding=\"async\" style=\"width: 40px; height: auto;\" src=\"http:\/\/dostepnewybory.pl\/wp-content\/uploads\/2025\/04\/GGlusi.png\" alt=\"Ikona odsy\u0142aj\u0105ca do filmu z wytycznymi\" \/><br \/><\/a><\/li>\n<li>Poradniki, instrukcje i raporty<\/li>\n<\/ul>\n<p>Na podstawie obywatelskich ankiet na stronie b\u0119d\u0105 <strong>publikowane oceny kandydat\u00f3w i kandydatek<\/strong> w zakresie zapewnienia dost\u0119pno\u015bci spotka\u0144.<\/p>\n<\/section>\n<section aria-labelledby=\"jak-monitorowac\">\n<h3 id=\"jak-monitorowac\">Jak wzi\u0105\u0107 udzia\u0142 w monitoringu?<\/h3>\n<p>To proste! Wystarczy:<\/p>\n<ol>\n<li>Uczestniczy\u0107 w spotkaniu wyborczym wybranego kandydata lub kandydatki<\/li>\n<li>Wype\u0142ni\u0107 <strong>kr\u00f3tk\u0105 ankiet\u0119<\/strong> oceny dost\u0119pno\u015bci spotkania<\/li>\n<\/ol>\n<p>Terminy spotka\u0144 kandydat\u00f3w znajdziesz po klikni\u0119ciu w ich zdj\u0119cie na stronie g\u0142\u00f3wnej, je\u015bli ich komitety nas o nich poinformowa\u0142y.<\/p>\n<p>Ka\u017cda osoba mo\u017ce si\u0119 w to w\u0142\u0105czy\u0107 i <strong>pokaza\u0107, \u017ce dost\u0119pno\u015b\u0107 jest wa\u017cna dla demokracji<\/strong>.<\/p>\n<p><a href=\"http:\/\/dostepnewybory.pl\/wp-content\/uploads\/2025\/04\/Zaproszenie-do-oceny-spotkania-wyborczego.mp4\" target=\"_blank\" rel=\"noopener\"><br \/><img decoding=\"async\" style=\"width: 40px; height: auto;\" src=\"http:\/\/dostepnewybory.pl\/wp-content\/uploads\/2025\/04\/GGlusi.png\" alt=\"Ikona odsy\u0142aj\u0105ca do filmu z instrukcj\u0105 oceny spotkania\" \/><br \/><\/a><\/p>\n<\/section>\n<section aria-labelledby=\"ankieta\">\n<h4 id=\"ankieta\">Ankieta online i do druku<\/h4>\n<p><a href=\"https:\/\/bip.brpo.gov.pl\/wspolne_dzialania\/content\/spotkania-wyborcze-dostosowane-do-potrzeb-osob-z-niepelnosprawnosciami\" target=\"_blank\" rel=\"noopener noreferrer\"><br \/>Wype\u0142nij ankiet\u0119 online<br \/><\/a> (r\u00f3wnie\u017c na urz\u0105dzeniach mobilnych).<\/p>\n<p><a href=\"https:\/\/bip.brpo.gov.pl\/sites\/default\/files\/2025-04\/Spotkania-wyborcze-dostosowane-do-potrzeb-osob-z-niepelnosprawnosciami-arkusz-oceny-do-wydruku.pdf\" target=\"_blank\" rel=\"noopener noreferrer\"><br \/>Pobierz wersj\u0119 do druku<br \/><\/a> \u2013 po wype\u0142nieniu prze\u015blij skan lub zdj\u0119cie na adres:<br \/><a href=\"mailto:cps@brpo.gov.pl\">cps@brpo.gov.pl<\/a><\/p>\n<p>\u00a0<a href=\"http:\/\/dostepnewybory.pl\/wp-content\/uploads\/2025\/04\/Arkusz_do_oceny_spotkania_wyborczego.mp4\" target=\"_blank\" rel=\"noopener\"><br \/><img decoding=\"async\" style=\"width: 40px; height: auto;\" src=\"http:\/\/dostepnewybory.pl\/wp-content\/uploads\/2025\/04\/GGlusi.png\" alt=\"Ikona odsy\u0142aj\u0105ca do filmu z instrukcj\u0105 oceny spotkania\" \/><br \/><\/a><\/p>\n<p>Wype\u0142nione ankiety trafi\u0105 do Biura Rzecznika Praw Obywatelskich i zostan\u0105 uj\u0119te w raporcie.<\/p>\n<\/section>\n<section aria-labelledby=\"dlaczego-warto\">\n<h3 id=\"dlaczego-warto\">Dlaczego warto?<\/h3>\n<p>Akcja \u201eWybory dost\u0119pne dla wszystkich\u201d pomo\u017ce w <strong>przygotowaniu dost\u0119pnych spotka\u0144 z kandydatami i kandydatkami<\/strong>.<\/p>\n<p>Organizacje zaanga\u017cowane w akcj\u0119 b\u0119d\u0105 przyznawa\u0107 punkty za dost\u0119pno\u015b\u0107, opisywa\u0107 dobre praktyki i <strong>regularnie informowa\u0107 komitety wyborcze, co nale\u017cy poprawi\u0107<\/strong>.<\/p>\n<p>Obywatelski monitoring dost\u0119pno\u015bci wybor\u00f3w uwra\u017cliwia kandydat\u00f3w i kandydatki na potrzeby wszystkich grup wyborc\u00f3w. Dzi\u0119ki temu osoby z niepe\u0142nosprawno\u015bciami mog\u0105 <strong>\u015bwiadomie uczestniczy\u0107 w wyborach<\/strong>.<\/p>\n<p><strong>Wsp\u00f3lnie zadbajmy o wybory dost\u0119pne dla wszystkich!<\/strong><\/p>\n<\/section>\n<section aria-labelledby=\"komitety\">\n<h3 id=\"komitety\">Dla komitet\u00f3w wyborczych<\/h3>\n<p>Do akcji \u201eWybory dost\u0119pne dla wszystkich\u201d zaproszone s\u0105 <strong>wszystkie komitety wyborcze<\/strong>.<\/p>\n<p>To <strong>po ich stronie<\/strong> le\u017cy zapewnienie dost\u0119pno\u015bci spotka\u0144 i materia\u0142\u00f3w kampanijnych dla wszystkich wyborc\u00f3w.<\/p>\n<p><strong>Czas na ich ruch!<\/strong><\/p>\n<\/section>\n<\/article>\n\n\n<p><\/p>\n","protected":false},"excerpt":{"rendered":"<p>Akcja \u201eWybory dost\u0119pne dla wszystkich\u201d Obywatelski monitoring dost\u0119pno\u015bci kampanii wyborczej dla os\u00f3b z niepe\u0142nosprawno\u015bciami. Dlaczego to wa\u017cne? W Polsce \u017cyje oko\u0142o pi\u0119ciu milion\u00f3w wyborc\u00f3w i wyborczy\u0144 z r\u00f3\u017cnymi rodzajami niepe\u0142nosprawno\u015bci. Ich podstawowe prawa obywatelskie wci\u0105\u017c nie s\u0105 w pe\u0142ni przestrzegane. Brakuje \u0142atwych do wyszukania i zrozumia\u0142ych informacji o programach wyborczych, dost\u0119pnych stron internetowych oraz dost\u0119pnych [&hellip;]<\/p>\n","protected":false},"author":1,"featured_media":0,"parent":0,"menu_order":0,"comment_status":"closed","ping_status":"closed","template":"","meta":{"footnotes":""},"class_list":["post-33","page","type-page","status-publish","hentry"],"_links":{"self":[{"href":"https:\/\/dostepnewybory.pl\/index.php\/wp-json\/wp\/v2\/pages\/33","targetHints":{"allow":["GET"]}}],"collection":[{"href":"https:\/\/dostepnewybory.pl\/index.php\/wp-json\/wp\/v2\/pages"}],"about":[{"href":"https:\/\/dostepnewybory.pl\/index.php\/wp-json\/wp\/v2\/types\/page"}],"author":[{"embeddable":true,"href":"https:\/\/dostepnewybory.pl\/index.php\/wp-json\/wp\/v2\/users\/1"}],"replies":[{"embeddable":true,"href":"https:\/\/dostepnewybory.pl\/index.php\/wp-json\/wp\/v2\/comments?post=33"}],"version-history":[{"count":19,"href":"https:\/\/dostepnewybory.pl\/index.php\/wp-json\/wp\/v2\/pages\/33\/revisions"}],"predecessor-version":[{"id":292,"href":"https:\/\/dostepnewybory.pl\/index.php\/wp-json\/wp\/v2\/pages\/33\/revisions\/292"}],"wp:attachment":[{"href":"https:\/\/dostepnewybory.pl\/index.php\/wp-json\/wp\/v2\/media?parent=33"}],"curies":[{"name":"wp","href":"https:\/\/api.w.org\/{rel}","templated":true}]}}