{"id":180,"date":"2025-04-10T10:31:35","date_gmt":"2025-04-10T10:31:35","guid":{"rendered":"https:\/\/dostepnewybory.pl\/?page_id=180"},"modified":"2025-04-10T12:06:29","modified_gmt":"2025-04-10T12:06:29","slug":"nowa-strona","status":"publish","type":"page","link":"https:\/\/dostepnewybory.pl\/index.php\/nowa-strona\/","title":{"rendered":"G\/G\u0142usi"},"content":{"rendered":"\n<h2 class=\"wp-block-heading\">Zaproszenie do oceny spotkania wyborczego<\/h2>\n\n\n\n<figure class=\"wp-block-video\">\n  <video controls preload=\"metadata\" src=\"http:\/\/dostepnewybory.pl\/wp-content\/uploads\/2025\/04\/Zaproszenie-do-oceny-spotkania-wyborczego.mp4\">\n    Tw\u00f3j przegl\u0105darka nie obs\u0142uguje wideo. <a href=\"http:\/\/dostepnewybory.pl\/wp-content\/uploads\/2025\/04\/Zaproszenie-do-oceny-spotkania-wyborczego.mp4\">Obejrzyj film<\/a>\n  <\/video>\n<\/figure>\n\n\n\n<h2 class=\"wp-block-heading\">Arkusz do oceny spotkania wyborczego<\/h2>\n\n\n\n<figure class=\"wp-block-video\">\n  <video controls preload=\"metadata\" src=\"http:\/\/dostepnewybory.pl\/wp-content\/uploads\/2025\/04\/Arkusz_do_oceny_spotkania_wyborczego.mp4\">\n    Tw\u00f3j przegl\u0105darka nie obs\u0142uguje wideo. <a href=\"http:\/\/dostepnewybory.pl\/wp-content\/uploads\/2025\/04\/Arkusz_do_oceny_spotkania_wyborczego.mp4\">Obejrzyj film<\/a>\n  <\/video>\n<\/figure>\n\n\n\n<h2 class=\"wp-block-heading\">Minimalne wytyczne dla spotka\u0144 wyborczych kandydat\u00f3w na prezydenta RP<\/h2>\n\n\n\n<figure class=\"wp-block-video\">\n  <video controls preload=\"metadata\" src=\"http:\/\/dostepnewybory.pl\/wp-content\/uploads\/2025\/04\/Minimalne-wytyczne-dla-spotkan-wyborczych-kandydatow-na-prezydenta-RP.mp4\">\n    Tw\u00f3j przegl\u0105darka nie obs\u0142uguje wideo. <a href=\"http:\/\/dostepnewybory.pl\/wp-content\/uploads\/2025\/04\/Minimalne-wytyczne-dla-spotkan-wyborczych-kandydatow-na-prezydenta-RP.mp4\">Obejrzyj film<\/a>\n  <\/video>\n<\/figure>\n","protected":false},"excerpt":{"rendered":"<p>Zaproszenie do oceny spotkania wyborczego Arkusz do oceny spotkania wyborczego Minimalne wytyczne dla spotka\u0144 wyborczych kandydat\u00f3w na prezydenta RP<\/p>\n","protected":false},"author":1,"featured_media":0,"parent":0,"menu_order":0,"comment_status":"closed","ping_status":"closed","template":"","meta":{"footnotes":""},"class_list":["post-180","page","type-page","status-publish","hentry"],"_links":{"self":[{"href":"https:\/\/dostepnewybory.pl\/index.php\/wp-json\/wp\/v2\/pages\/180","targetHints":{"allow":["GET"]}}],"collection":[{"href":"https:\/\/dostepnewybory.pl\/index.php\/wp-json\/wp\/v2\/pages"}],"about":[{"href":"https:\/\/dostepnewybory.pl\/index.php\/wp-json\/wp\/v2\/types\/page"}],"author":[{"embeddable":true,"href":"https:\/\/dostepnewybory.pl\/index.php\/wp-json\/wp\/v2\/users\/1"}],"replies":[{"embeddable":true,"href":"https:\/\/dostepnewybory.pl\/index.php\/wp-json\/wp\/v2\/comments?post=180"}],"version-history":[{"count":4,"href":"https:\/\/dostepnewybory.pl\/index.php\/wp-json\/wp\/v2\/pages\/180\/revisions"}],"predecessor-version":[{"id":241,"href":"https:\/\/dostepnewybory.pl\/index.php\/wp-json\/wp\/v2\/pages\/180\/revisions\/241"}],"wp:attachment":[{"href":"https:\/\/dostepnewybory.pl\/index.php\/wp-json\/wp\/v2\/media?parent=180"}],"curies":[{"name":"wp","href":"https:\/\/api.w.org\/{rel}","templated":true}]}}