{"id":18,"date":"2025-04-03T13:42:26","date_gmt":"2025-04-03T13:42:26","guid":{"rendered":"https:\/\/dostepnewybory.pl\/?page_id=18"},"modified":"2025-04-16T13:35:17","modified_gmt":"2025-04-16T13:35:17","slug":"dla-komitet","status":"publish","type":"page","link":"https:\/\/dostepnewybory.pl\/index.php\/dla-komitet\/","title":{"rendered":"Dla komitet\u00f3w wyborczych"},"content":{"rendered":"<h3><strong>Apel do Komitet\u00f3w Wyborczych<\/strong><\/h3>\n<p><strong>Zwracamy si\u0119 z apelem do Komitet\u00f3w Wyborczych uczestnicz\u0105cych w wyborach prezydenckich zarz\u0105dzonych na 18 maja 2025 roku o zapewnienie dost\u0119pno\u015bci spotka\u0144 wyborczych osobom z niepe\u0142nosprawno\u015bciami. Niech ta kampania prezydencka i ka\u017cde kolejne wybory b\u0119d\u0105 rzeczywi\u015bcie dost\u0119pne dla wszystkich!<\/strong><\/p>\n<p><strong>W Polsce \u017cyje oko\u0142o pi\u0119ciu milion\u00f3w wyborc\u00f3w i wyborczy\u0144 z r\u00f3\u017cnymi rodzajami niepe\u0142nosprawno\u015bci. Niestety ich podstawowe prawa obywatelskie wci\u0105\u017c nie s\u0105 w pe\u0142ni przestrzegane.<\/strong> Brakuje \u0142atwo wyszukiwalnych i zrozumia\u0142ych informacji o programach wyborczych, dostosowania stron internetowych oraz dost\u0119pnych spotka\u0144 z kandydatami i kandydatkami.<\/p>\n<h3><strong>Wsp\u00f3lnie mo\u017cemy to zmieni\u0107!<\/strong><\/h3>\n<p><strong>Tutaj znajd\u0105 Pa\u0144stwo przydatn\u0105 <a href=\"https:\/\/bip.brpo.gov.pl\/wspolne_dzialania\/content\/spotkania-wyborcze-dostosowane-do-potrzeb-osob-z-niepelnosprawnosciami\" target=\"_blank\" rel=\"noopener\"><strong>ankiet\u0119<\/strong><\/a> i <a href=\"http:\/\/dostepnewybory.pl\/wp-content\/uploads\/2025\/04\/Minimalne-wytyczne-dla-spotkan-wyborczych.Rada-OzN-przy-RPO.pdf\" target=\"_blank\" rel=\"noopener\"><strong>wytyczne<\/strong><\/a>, jak zorganizowa\u0107 spotkanie wyborcze tak, by spe\u0142nia\u0142o standardy dost\u0119pno\u015bci dla os\u00f3b z r\u00f3\u017cnymi rodzajami niepe\u0142nosprawno\u015bci.<\/strong> Gor\u0105co zach\u0119camy do korzystania z tych materia\u0142\u00f3w przed oraz w czasie organizowanych przez Pa\u0144stwa spotka\u0144. Ch\u0119tnie przybli\u017cymy te kwestie tak\u017ce na ewentualnym spotkaniu. Lepsza dost\u0119pno\u015b\u0107 to mo\u017cliwo\u015b\u0107 dotarcia do szerszego grona wyborc\u00f3w i wyborczy\u0144. To te\u017c pokazanie, \u017ce ich potrzeby oraz udzia\u0142 w procesach demokratycznych s\u0105 dla Pa\u0144stwa wa\u017cne.<\/p>\n<h3><strong>Dobre praktyki i monitoring<\/strong><\/h3>\n<p><strong>Dobre praktyki w prowadzeniu kampanii wyborczej oraz efekty dostosowania spotka\u0144 wyborczych do potrzeb os\u00f3b z r\u00f3\u017cnymi niepe\u0142nosprawno\u015bciami b\u0119d\u0105 odnotowane<\/strong> przez osoby zaanga\u017cowane w dzia\u0142ania kampanii, osoby z niepe\u0142nosprawno\u015bciami oraz ich sojuszniczki i sojusznik\u00f3w z ca\u0142ej Polski. To tak\u017ce wyborcy i wyborczynie, o kt\u00f3rych wsparcie warto zadba\u0107.<\/p>\n<p><strong>Wyniki obywatelskiej kontroli dost\u0119pno\u015bci wybor\u00f3w znajd\u0105 si\u0119 na stronie <a href=\"https:\/\/bip.brpo.gov.pl\/pl\" target=\"_blank\" rel=\"noopener\">bip.brpo.gov.pl\/pl<\/a> w zak\u0142adce <strong>Dost\u0119pne wybory<\/strong> oraz w raporcie Rzecznika Praw Obywatelskich.<\/strong><\/p>\n<p>B\u0119d\u0105 publikowane r\u00f3wnie\u017c na stronach organizacji spo\u0142ecznych i udost\u0119pniane mediom, z podzia\u0142em na sukcesy poszczeg\u00f3lnych kandydat\u00f3w. B\u0119d\u0105 r\u00f3wnie\u017c udost\u0119pniane Pa\u0144stwu, by Komitet m\u00f3g\u0142 na bie\u017c\u0105co monitorowa\u0107, czy spotkania z wyborcami i wyborczyniami w r\u00f3\u017cnych miejscowo\u015bciach s\u0105 dost\u0119pne i czy nast\u0119puj\u0105 w tej sprawie regularne post\u0119py.<\/p>\n<h3><strong>\u017byczymy Pa\u0144stwu samych dobrych ocen!<\/strong><\/h3>\n<p>W zwi\u0105zku z powy\u017cszym zwracamy si\u0119 do komitet\u00f3w wyborczych z pro\u015bb\u0105 o bie\u017c\u0105ce informowanie nas o zaplanowanych ju\u017c spotkaniach wyborczych we wszystkich miejscowo\u015bciach w Polsce oraz, je\u015bli to mo\u017cliwe, o informacj\u0119 na temat ich dost\u0119pno\u015bci dla os\u00f3b z niepe\u0142nosprawno\u015bciami.<\/p>\n<p><strong>Materia\u0142y<\/strong><\/p>\n<p><a href=\"http:\/\/dostepnewybory.pl\/wp-content\/uploads\/2025\/04\/Minimalne-wytyczne-dla-spotkan-wyborczych.Rada-OzN-przy-RPO.pdf\" target=\"_blank\" rel=\"noopener\"><strong>Pobierz minimalne wytyczne dla spotka\u0144 wyborczych Rada OzN przy RPO (PDF)<\/strong><\/a><\/p>\n\n\n<p><\/p>\n","protected":false},"excerpt":{"rendered":"<p>Apel do Komitet\u00f3w Wyborczych Zwracamy si\u0119 z apelem do Komitet\u00f3w Wyborczych uczestnicz\u0105cych w wyborach prezydenckich zarz\u0105dzonych na 18 maja 2025 roku o zapewnienie dost\u0119pno\u015bci spotka\u0144 wyborczych osobom z niepe\u0142nosprawno\u015bciami. Niech ta kampania prezydencka i ka\u017cde kolejne wybory b\u0119d\u0105 rzeczywi\u015bcie dost\u0119pne dla wszystkich! W Polsce \u017cyje oko\u0142o pi\u0119ciu milion\u00f3w wyborc\u00f3w i wyborczy\u0144 z r\u00f3\u017cnymi rodzajami niepe\u0142nosprawno\u015bci. [&hellip;]<\/p>\n","protected":false},"author":1,"featured_media":0,"parent":0,"menu_order":0,"comment_status":"closed","ping_status":"open","template":"","meta":{"footnotes":""},"class_list":["post-18","page","type-page","status-publish","hentry"],"_links":{"self":[{"href":"https:\/\/dostepnewybory.pl\/index.php\/wp-json\/wp\/v2\/pages\/18","targetHints":{"allow":["GET"]}}],"collection":[{"href":"https:\/\/dostepnewybory.pl\/index.php\/wp-json\/wp\/v2\/pages"}],"about":[{"href":"https:\/\/dostepnewybory.pl\/index.php\/wp-json\/wp\/v2\/types\/page"}],"author":[{"embeddable":true,"href":"https:\/\/dostepnewybory.pl\/index.php\/wp-json\/wp\/v2\/users\/1"}],"replies":[{"embeddable":true,"href":"https:\/\/dostepnewybory.pl\/index.php\/wp-json\/wp\/v2\/comments?post=18"}],"version-history":[{"count":25,"href":"https:\/\/dostepnewybory.pl\/index.php\/wp-json\/wp\/v2\/pages\/18\/revisions"}],"predecessor-version":[{"id":312,"href":"https:\/\/dostepnewybory.pl\/index.php\/wp-json\/wp\/v2\/pages\/18\/revisions\/312"}],"wp:attachment":[{"href":"https:\/\/dostepnewybory.pl\/index.php\/wp-json\/wp\/v2\/media?parent=18"}],"curies":[{"name":"wp","href":"https:\/\/api.w.org\/{rel}","templated":true}]}}